{"id":1653,"date":"2023-11-28T22:27:32","date_gmt":"2023-11-28T20:27:32","guid":{"rendered":"https:\/\/www.pirula.fi\/2023\/?page_id=1653"},"modified":"2024-09-24T19:06:44","modified_gmt":"2024-09-24T16:06:44","slug":"pirulan-tarina","status":"publish","type":"page","link":"https:\/\/www.pirula.fi\/zh\/pirulan-tarina\/","title":{"rendered":"Meid\u00e4n tarina"},"content":{"rendered":"<style>.kb-row-layout-id1653_87ff3a-3a > .kt-row-column-wrap{align-content:start;}:where(.kb-row-layout-id1653_87ff3a-3a > .kt-row-column-wrap) > .wp-block-kadence-column{justify-content:start;}.kb-row-layout-id1653_87ff3a-3a > .kt-row-column-wrap{column-gap:var(--global-kb-gap-md, 2rem);row-gap:var(--global-kb-gap-md, 2rem);max-width:var( --global-content-width, 1290px );padding-left:var(--global-content-edge-padding);padding-right:var(--global-content-edge-padding);padding-top:160px;padding-right:20px;padding-bottom:120px;padding-left:20px;grid-template-columns:minmax(0, 1fr);}.kb-row-layout-id1653_87ff3a-3a{background-image:url('https:\/\/www.pirula.fi\/2023\/wp-content\/uploads\/2023\/06\/Pirula-tynnyrit.jpg');background-size:cover;background-position:50% 30%;background-attachment:fixed;background-repeat:no-repeat;}.kb-row-layout-id1653_87ff3a-3a > .kt-row-layout-overlay{opacity:0.00;background-color:var(--global-palette9, #ffffff);}@media all and (max-width: 1024px), only screen and (min-device-width: 1024px) and (max-device-width: 1366px) and (-webkit-min-device-pixel-ratio: 2) and (hover: none){.kb-row-layout-id1653_87ff3a-3a{background-attachment:scroll;}}@media all and (max-width: 1024px){.kb-row-layout-id1653_87ff3a-3a > .kt-row-column-wrap{padding-top:80px;padding-bottom:80px;grid-template-columns:minmax(0, 1fr);}}@media all and (max-width: 767px){.kb-row-layout-id1653_87ff3a-3a > .kt-row-column-wrap{padding-top:60px;padding-bottom:60px;grid-template-columns:minmax(0, 1fr);}}<\/style><div class=\"kb-row-layout-wrap kb-row-layout-id1653_87ff3a-3a alignnone kt-row-has-bg wp-block-kadence-rowlayout\"><div class=\"kt-row-layout-overlay kt-row-overlay-normal\"><\/div><div class=\"kt-row-column-wrap kt-has-1-columns kt-row-layout-equal kt-tab-layout-inherit kt-mobile-layout-row kt-row-valign-top kb-theme-content-width\">\n<style>.kadence-column1653_b8a018-cf > .kt-inside-inner-col,.kadence-column1653_b8a018-cf > .kt-inside-inner-col:before{border-top-left-radius:0px;border-top-right-radius:0px;border-bottom-right-radius:0px;border-bottom-left-radius:0px;}.kadence-column1653_b8a018-cf > .kt-inside-inner-col{column-gap:var(--global-kb-gap-sm, 1rem);}.kadence-column1653_b8a018-cf > .kt-inside-inner-col{flex-direction:column;}.kadence-column1653_b8a018-cf > .kt-inside-inner-col > .aligncenter{width:100%;}.kadence-column1653_b8a018-cf > .kt-inside-inner-col:before{opacity:0.3;}.kadence-column1653_b8a018-cf{position:relative;}@media all and (max-width: 1024px){.kadence-column1653_b8a018-cf > .kt-inside-inner-col{flex-direction:column;justify-content:center;}}@media all and (max-width: 767px){.kadence-column1653_b8a018-cf > .kt-inside-inner-col{flex-direction:column;justify-content:center;}}<\/style>\n<div class=\"wp-block-kadence-column kadence-column1653_b8a018-cf inner-column-1\"><div class=\"kt-inside-inner-col\"><style>.kb-row-layout-id1653_b15e40-3d > .kt-row-column-wrap{align-content:start;}:where(.kb-row-layout-id1653_b15e40-3d > .kt-row-column-wrap) > .wp-block-kadence-column{justify-content:start;}.kb-row-layout-id1653_b15e40-3d > .kt-row-column-wrap{column-gap:var(--global-kb-gap-md, 2rem);row-gap:var(--global-kb-gap-md, 2rem);max-width:600px;margin-left:auto;margin-right:auto;padding-top:190px;padding-bottom:0px;grid-template-columns:minmax(0, 1fr);}.kb-row-layout-id1653_b15e40-3d > .kt-row-layout-overlay{opacity:0.30;}@media all and (max-width: 1024px){.kb-row-layout-id1653_b15e40-3d > .kt-row-column-wrap{grid-template-columns:minmax(0, 1fr);}}@media all and (max-width: 767px){.kb-row-layout-id1653_b15e40-3d > .kt-row-column-wrap{grid-template-columns:minmax(0, 1fr);}}<\/style><div class=\"kb-row-layout-wrap kb-row-layout-id1653_b15e40-3d alignnone wp-block-kadence-rowlayout\"><div class=\"kt-row-column-wrap kt-has-1-columns kt-row-layout-equal kt-tab-layout-inherit kt-mobile-layout-row kt-row-valign-top\">\n<style>.kadence-column1653_c96fe5-c7 > .kt-inside-inner-col,.kadence-column1653_c96fe5-c7 > .kt-inside-inner-col:before{border-top-left-radius:0px;border-top-right-radius:0px;border-bottom-right-radius:0px;border-bottom-left-radius:0px;}.kadence-column1653_c96fe5-c7 > .kt-inside-inner-col{column-gap:var(--global-kb-gap-sm, 1rem);}.kadence-column1653_c96fe5-c7 > .kt-inside-inner-col{flex-direction:column;}.kadence-column1653_c96fe5-c7 > .kt-inside-inner-col > .aligncenter{width:100%;}.kadence-column1653_c96fe5-c7 > .kt-inside-inner-col:before{opacity:0.3;}.kadence-column1653_c96fe5-c7{position:relative;}@media all and (max-width: 1024px){.kadence-column1653_c96fe5-c7 > .kt-inside-inner-col{flex-direction:column;justify-content:center;}}@media all and (max-width: 767px){.kadence-column1653_c96fe5-c7 > .kt-inside-inner-col{flex-direction:column;justify-content:center;}}<\/style>\n<div class=\"wp-block-kadence-column kadence-column1653_c96fe5-c7 inner-column-1\"><div class=\"kt-inside-inner-col\"><style>.wp-block-kadence-advancedheading.kt-adv-heading1653_aa68ec-81, .wp-block-kadence-advancedheading.kt-adv-heading1653_aa68ec-81[data-kb-block=\"kb-adv-heading1653_aa68ec-81\"]{margin-bottom:10px;text-align:center;font-style:normal;text-transform:lowercase;}.wp-block-kadence-advancedheading.kt-adv-heading1653_aa68ec-81 mark.kt-highlight, .wp-block-kadence-advancedheading.kt-adv-heading1653_aa68ec-81[data-kb-block=\"kb-adv-heading1653_aa68ec-81\"] mark.kt-highlight{font-style:normal;color:#f76a0c;-webkit-box-decoration-break:clone;box-decoration-break:clone;padding-top:0px;padding-right:0px;padding-bottom:0px;padding-left:0px;}.wp-block-kadence-advancedheading.kt-adv-heading1653_aa68ec-81 img.kb-inline-image, .wp-block-kadence-advancedheading.kt-adv-heading1653_aa68ec-81[data-kb-block=\"kb-adv-heading1653_aa68ec-81\"] img.kb-inline-image{width:150px;vertical-align:baseline;}<\/style>\n<h1 class=\"kt-adv-heading1653_aa68ec-81 wp-block-kadence-advancedheading has-theme-palette-7-color has-text-color\" data-kb-block=\"kb-adv-heading1653_aa68ec-81\">meid\u00e4n tarina<\/h1>\n<\/div><\/div>\n\n<\/div><\/div><\/div><\/div>\n\n<\/div><\/div>\n\n<style>.kb-row-layout-id1653_ff0862-3f > .kt-row-column-wrap{align-content:start;}:where(.kb-row-layout-id1653_ff0862-3f > .kt-row-column-wrap) > .wp-block-kadence-column{justify-content:start;}.kb-row-layout-id1653_ff0862-3f > .kt-row-column-wrap{column-gap:var(--global-kb-gap-none, 0rem );row-gap:var(--global-kb-gap-md, 2rem);max-width:var( --global-content-width, 1290px );padding-left:var(--global-content-edge-padding);padding-right:var(--global-content-edge-padding);padding-top:var(--global-kb-spacing-xxl, 5rem);padding-bottom:var(--global-kb-spacing-xxl, 5rem);grid-template-columns:minmax(0, 1fr);}.kb-row-layout-id1653_ff0862-3f{background-image:url('https:\/\/www.pirula.fi\/2023\/wp-content\/uploads\/2023\/06\/Pirula-tynnyrit.jpg');background-size:cover;background-position:50% 30%;background-attachment:fixed;background-repeat:no-repeat;}.kb-row-layout-id1653_ff0862-3f > .kt-row-layout-overlay{opacity:0.00;}@media all and (max-width: 1024px), only screen and (min-device-width: 1024px) and (max-device-width: 1366px) and (-webkit-min-device-pixel-ratio: 2) and (hover: none){.kb-row-layout-id1653_ff0862-3f{background-attachment:scroll;}}@media all and (max-width: 1024px){.kb-row-layout-id1653_ff0862-3f > .kt-row-column-wrap{column-gap:var(--global-kb-gap-none, 0rem );grid-template-columns:minmax(0, 1fr);}}@media all and (max-width: 767px){.kb-row-layout-id1653_ff0862-3f > .kt-row-column-wrap{grid-template-columns:minmax(0, 1fr);}}<\/style><div class=\"kb-row-layout-wrap kb-row-layout-id1653_ff0862-3f alignfull kt-row-has-bg wp-block-kadence-rowlayout\"><div class=\"kt-row-column-wrap kt-has-1-columns kt-row-layout-equal kt-tab-layout-inherit kt-mobile-layout-row kt-row-valign-top kb-theme-content-width\">\n<style>.kadence-column1653_81631d-05 > .kt-inside-inner-col{display:flex;}.kadence-column1653_81631d-05 > .kt-inside-inner-col{padding-top:var(--global-kb-spacing-xl, 4rem);padding-right:var(--global-kb-spacing-xxl, 5rem);padding-bottom:var(--global-kb-spacing-xl, 4rem);padding-left:var(--global-kb-spacing-xxl, 5rem);}.kadence-column1653_81631d-05 > .kt-inside-inner-col,.kadence-column1653_81631d-05 > .kt-inside-inner-col:before{border-top-left-radius:0px;border-top-right-radius:0px;border-bottom-right-radius:0px;border-bottom-left-radius:0px;}.kadence-column1653_81631d-05 > .kt-inside-inner-col{column-gap:var(--global-kb-gap-sm, 1rem);}.kadence-column1653_81631d-05 > .kt-inside-inner-col{flex-direction:column;justify-content:flex-start;}.kadence-column1653_81631d-05 > .kt-inside-inner-col > .aligncenter{width:100%;}.kt-row-column-wrap > .kadence-column1653_81631d-05{align-self:flex-start;}.kt-inner-column-height-full:not(.kt-has-1-columns) > .wp-block-kadence-column.kadence-column1653_81631d-05{align-self:auto;}.kt-inner-column-height-full:not(.kt-has-1-columns) > .wp-block-kadence-column.kadence-column1653_81631d-05 > .kt-inside-inner-col{flex-direction:column;justify-content:flex-start;}.kadence-column1653_81631d-05 > .kt-inside-inner-col{background-color:rgba(27, 27, 27, 0.81);}.kadence-column1653_81631d-05 > .kt-inside-inner-col:before{opacity:0.3;}.kadence-column1653_81631d-05{text-align:center;}.kadence-column1653_81631d-05{position:relative;}@media all and (max-width: 1024px){.kadence-column1653_81631d-05 > .kt-inside-inner-col{padding-top:var(--global-kb-spacing-lg, 3rem);padding-right:var(--global-kb-spacing-lg, 3rem);padding-bottom:var(--global-kb-spacing-lg, 3rem);padding-left:var(--global-kb-spacing-lg, 3rem);flex-direction:column;justify-content:flex-start;}}@media all and (max-width: 1024px){.kt-row-column-wrap > .kadence-column1653_81631d-05{align-self:flex-start;}}@media all and (max-width: 1024px){.kt-inner-column-height-full:not(.kt-has-1-columns) > .wp-block-kadence-column.kadence-column1653_81631d-05{align-self:auto;}}@media all and (max-width: 1024px){.kt-inner-column-height-full:not(.kt-has-1-columns) > .wp-block-kadence-column.kadence-column1653_81631d-05 > .kt-inside-inner-col{flex-direction:column;justify-content:flex-start;}}@media all and (max-width: 767px){.kadence-column1653_81631d-05 > .kt-inside-inner-col{padding-top:var(--global-kb-spacing-md, 2rem);padding-right:var(--global-kb-spacing-xs, 1rem);padding-bottom:var(--global-kb-spacing-lg, 3rem);padding-left:var(--global-kb-spacing-xs, 1rem);flex-direction:column;justify-content:flex-start;}.kt-row-column-wrap > .kadence-column1653_81631d-05{align-self:flex-start;}.kt-inner-column-height-full:not(.kt-has-1-columns) > .wp-block-kadence-column.kadence-column1653_81631d-05{align-self:auto;}.kt-inner-column-height-full:not(.kt-has-1-columns) > .wp-block-kadence-column.kadence-column1653_81631d-05 > .kt-inside-inner-col{flex-direction:column;justify-content:flex-start;}}<\/style>\n<div class=\"wp-block-kadence-column kadence-column1653_81631d-05 kb-section-dir-vertical inner-column-1\"><div class=\"kt-inside-inner-col\"><style>.wp-block-kadence-advancedheading.kt-adv-heading1653_9c010e-5f, .wp-block-kadence-advancedheading.kt-adv-heading1653_9c010e-5f[data-kb-block=\"kb-adv-heading1653_9c010e-5f\"]{font-size:var(--global-kb-font-size-xl, 3rem);line-height:1.2;font-style:normal;text-transform:lowercase;}.wp-block-kadence-advancedheading.kt-adv-heading1653_9c010e-5f mark.kt-highlight, .wp-block-kadence-advancedheading.kt-adv-heading1653_9c010e-5f[data-kb-block=\"kb-adv-heading1653_9c010e-5f\"] mark.kt-highlight{font-style:normal;color:#f76a0c;-webkit-box-decoration-break:clone;box-decoration-break:clone;padding-top:0px;padding-right:0px;padding-bottom:0px;padding-left:0px;}.wp-block-kadence-advancedheading.kt-adv-heading1653_9c010e-5f img.kb-inline-image, .wp-block-kadence-advancedheading.kt-adv-heading1653_9c010e-5f[data-kb-block=\"kb-adv-heading1653_9c010e-5f\"] img.kb-inline-image{width:150px;vertical-align:baseline;}<\/style>\n<h2 class=\"kt-adv-heading1653_9c010e-5f wp-block-kadence-advancedheading has-theme-palette-3-color has-text-color\" data-kb-block=\"kb-adv-heading1653_9c010e-5f\"><\/h2>\n\n\n\n<p>Rakennettiinpa 1800-luvun lopulla Ylistaron ensimm\u00e4inen viinatehdas, vastarannalle Komian kirkon ja Kyr\u00f6njoen kuohujen. Vaan tehdas ei kaikkia miellytt\u00e4nyt. Raittiusseura ilmaisi mielens\u00e4: tehdas ei joen kirkon puolelle olisi sopinutkaan. Pirulaksi he sen nimesiv\u00e4t.<\/p>\n\n\n\n<p>Vastustipa raittiusseura keinoin kovin, mutta menestyst\u00e4 eiv\u00e4t est\u00e4neet. Kymmenet tuhannet litrat juomaa valmistuivat, vaikka tehdas kerran paloikin. Syyllinen taidettiin tiet\u00e4\u00e4, vaikka sit\u00e4 ei my\u00f6nnettyk\u00e4\u00e4n. Vaan nousi tehdas silti tuhkasta uuteen kukoistukseen.<\/p>\n\n\n\n<p>Kerrotaanpa silloisen pastorinkin k\u00e4yneen viimeisel\u00e4 matkallaan Pirulassa. Ei tietoisesti, mutta arkkuaan kuljettaneen hevosen ohjastamana siell\u00e4, miss\u00e4 se oli tottunut k\u00e4ym\u00e4\u00e4n. Tehtaan tuotteet nauttivat kyl\u00e4l\u00e4isten suosiota.<\/p>\n\n\n\n<p>Kyl\u00e4n majatalot tarjosivat viinaksia kulkureille saleissaan, vaan sekin pian kiellettiin, ja raittiusseura riemuitsi. Kun 1900-luvun alussa molemmat oluttehtailijat siirtyiv\u00e4t ajasta ikuisuuteen, j\u00e4i tehdas heid\u00e4n leskilleen. Aistipa raittiusseura tilaisuutensa tulleen ja osti tehtaan, tavoitteenaan sulkea se.<\/p>\n\n\n\n<p>Kun viimeiset viinakset olivat ovesta l\u00e4hteneet ja tehdaskauppa itsens\u00e4 maksanut, sulki seura tehtaan ovet pysyv\u00e4sti. Pirula j\u00e4i historiaan odottamaan hetke\u00e4, kun olisi j\u00e4lleen sen aika palata.<\/p>\n\n\n\n<p>Satavuotinen oli raittiusseuran riemu, mutta Pirulan henki ei koskaan kokonaan kuollut. Vuonna 2017 oli Pirula syntyv\u00e4 uudelleen, kun Ylistaron Pouttulan kyl\u00e4ss\u00e4 ryhdyttiin valmistamaan viinoja. Laadukkaita juomia tehd\u00e4\u00e4n nyt samassa pit\u00e4j\u00e4ss\u00e4 samalla ylistarolaisella hengell\u00e4 kuin sata vuotta sitten.<\/p>\n<\/div><\/div>\n\n<\/div><\/div>","protected":false},"excerpt":{"rendered":"<p>meid\u00e4n tarina Rakennettiinpa 1800-luvun lopulla Ylistaron ensimm\u00e4inen viinatehdas, vastarannalle Komian kirkon ja Kyr\u00f6njoen kuohujen. Vaan tehdas ei kaikkia miellytt\u00e4nyt. Raittiusseura ilmaisi mielens\u00e4: tehdas ei joen kirkon puolelle olisi sopinutkaan. Pirulaksi he sen nimesiv\u00e4t. Vastustipa raittiusseura keinoin kovin, mutta menestyst\u00e4 eiv\u00e4t est\u00e4neet. Kymmenet tuhannet litrat juomaa valmistuivat, vaikka tehdas kerran paloikin. Syyllinen taidettiin tiet\u00e4\u00e4, vaikka sit\u00e4&#8230;<\/p>","protected":false},"author":1,"featured_media":1289,"parent":0,"menu_order":0,"comment_status":"closed","ping_status":"closed","template":"","meta":{"_kad_blocks_custom_css":"","_kad_blocks_head_custom_js":"","_kad_blocks_body_custom_js":"","_kad_blocks_footer_custom_js":"","_kadence_starter_templates_imported_post":false,"_kad_post_transparent":"","_kad_post_title":"","_kad_post_layout":"","_kad_post_sidebar_id":"","_kad_post_content_style":"","_kad_post_vertical_padding":"","_kad_post_feature":"","_kad_post_feature_position":"","_kad_post_header":false,"_kad_post_footer":false,"footnotes":""},"class_list":["post-1653","page","type-page","status-publish","has-post-thumbnail","hentry"],"yoast_head":"<!-- This site is optimized with the Yoast SEO plugin v27.4 - https:\/\/yoast.com\/product\/yoast-seo-wordpress\/ -->\n<title>Meid\u00e4n tarina - pirula - ylistaro<\/title>\n<meta name=\"robots\" content=\"index, follow, max-snippet:-1, max-image-preview:large, max-video-preview:-1\" \/>\n<link rel=\"canonical\" href=\"https:\/\/www.pirula.fi\/zh\/pirulan-tarina\/\" \/>\n<meta property=\"og:locale\" content=\"zh_CN\" \/>\n<meta property=\"og:type\" content=\"article\" \/>\n<meta property=\"og:title\" content=\"Meid\u00e4n tarina - pirula - ylistaro\" \/>\n<meta property=\"og:description\" content=\"meid\u00e4n tarina Rakennettiinpa 1800-luvun lopulla Ylistaron ensimm\u00e4inen viinatehdas, vastarannalle Komian kirkon ja Kyr\u00f6njoen kuohujen. Vaan tehdas ei kaikkia miellytt\u00e4nyt. Raittiusseura ilmaisi mielens\u00e4: tehdas ei joen kirkon puolelle olisi sopinutkaan. Pirulaksi he sen nimesiv\u00e4t. Vastustipa raittiusseura keinoin kovin, mutta menestyst\u00e4 eiv\u00e4t est\u00e4neet. Kymmenet tuhannet litrat juomaa valmistuivat, vaikka tehdas kerran paloikin. Syyllinen taidettiin tiet\u00e4\u00e4, vaikka sit\u00e4...\" \/>\n<meta property=\"og:url\" content=\"https:\/\/www.pirula.fi\/zh\/pirulan-tarina\/\" \/>\n<meta property=\"og:site_name\" content=\"pirula - ylistaro\" \/>\n<meta property=\"article:publisher\" content=\"https:\/\/www.facebook.com\/pirula.fi\" \/>\n<meta property=\"article:modified_time\" content=\"2024-09-24T16:06:44+00:00\" \/>\n<meta property=\"og:image\" content=\"https:\/\/www.pirula.fi\/2023\/wp-content\/uploads\/2022\/12\/Punainen_02_WEB.jpg\" \/>\n\t<meta property=\"og:image:width\" content=\"1365\" \/>\n\t<meta property=\"og:image:height\" content=\"2048\" \/>\n\t<meta property=\"og:image:type\" content=\"image\/jpeg\" \/>\n<meta name=\"twitter:card\" content=\"summary_large_image\" \/>\n<meta name=\"twitter:label1\" content=\"\u9884\u8ba1\u9605\u8bfb\u65f6\u95f4\" \/>\n\t<meta name=\"twitter:data1\" content=\"2 \u5206\" \/>\n<script type=\"application\/ld+json\" class=\"yoast-schema-graph\">{\"@context\":\"https:\\\/\\\/schema.org\",\"@graph\":[{\"@type\":\"WebPage\",\"@id\":\"https:\\\/\\\/www.pirula.fi\\\/pirulan-tarina\\\/\",\"url\":\"https:\\\/\\\/www.pirula.fi\\\/pirulan-tarina\\\/\",\"name\":\"Meid\u00e4n tarina - pirula - ylistaro\",\"isPartOf\":{\"@id\":\"https:\\\/\\\/www.pirula.fi\\\/#website\"},\"primaryImageOfPage\":{\"@id\":\"https:\\\/\\\/www.pirula.fi\\\/pirulan-tarina\\\/#primaryimage\"},\"image\":{\"@id\":\"https:\\\/\\\/www.pirula.fi\\\/pirulan-tarina\\\/#primaryimage\"},\"thumbnailUrl\":\"https:\\\/\\\/www.pirula.fi\\\/2023\\\/wp-content\\\/uploads\\\/2022\\\/12\\\/Punainen_02_WEB.jpg\",\"datePublished\":\"2023-11-28T20:27:32+00:00\",\"dateModified\":\"2024-09-24T16:06:44+00:00\",\"breadcrumb\":{\"@id\":\"https:\\\/\\\/www.pirula.fi\\\/pirulan-tarina\\\/#breadcrumb\"},\"inLanguage\":\"zh-Hans\",\"potentialAction\":[{\"@type\":\"ReadAction\",\"target\":[\"https:\\\/\\\/www.pirula.fi\\\/pirulan-tarina\\\/\"]}]},{\"@type\":\"ImageObject\",\"inLanguage\":\"zh-Hans\",\"@id\":\"https:\\\/\\\/www.pirula.fi\\\/pirulan-tarina\\\/#primaryimage\",\"url\":\"https:\\\/\\\/www.pirula.fi\\\/2023\\\/wp-content\\\/uploads\\\/2022\\\/12\\\/Punainen_02_WEB.jpg\",\"contentUrl\":\"https:\\\/\\\/www.pirula.fi\\\/2023\\\/wp-content\\\/uploads\\\/2022\\\/12\\\/Punainen_02_WEB.jpg\",\"width\":1365,\"height\":2048},{\"@type\":\"BreadcrumbList\",\"@id\":\"https:\\\/\\\/www.pirula.fi\\\/pirulan-tarina\\\/#breadcrumb\",\"itemListElement\":[{\"@type\":\"ListItem\",\"position\":1,\"name\":\"Etusivu\",\"item\":\"https:\\\/\\\/www.pirula.fi\\\/\"},{\"@type\":\"ListItem\",\"position\":2,\"name\":\"Meid\u00e4n tarina\"}]},{\"@type\":\"WebSite\",\"@id\":\"https:\\\/\\\/www.pirula.fi\\\/#website\",\"url\":\"https:\\\/\\\/www.pirula.fi\\\/\",\"name\":\"pirula - ylistaro\",\"description\":\"\",\"publisher\":{\"@id\":\"https:\\\/\\\/www.pirula.fi\\\/#organization\"},\"potentialAction\":[{\"@type\":\"SearchAction\",\"target\":{\"@type\":\"EntryPoint\",\"urlTemplate\":\"https:\\\/\\\/www.pirula.fi\\\/?s={search_term_string}\"},\"query-input\":{\"@type\":\"PropertyValueSpecification\",\"valueRequired\":true,\"valueName\":\"search_term_string\"}}],\"inLanguage\":\"zh-Hans\"},{\"@type\":\"Organization\",\"@id\":\"https:\\\/\\\/www.pirula.fi\\\/#organization\",\"name\":\"pirula - ylistaro\",\"url\":\"https:\\\/\\\/www.pirula.fi\\\/\",\"logo\":{\"@type\":\"ImageObject\",\"inLanguage\":\"zh-Hans\",\"@id\":\"https:\\\/\\\/www.pirula.fi\\\/#\\\/schema\\\/logo\\\/image\\\/\",\"url\":\"https:\\\/\\\/www.pirula.fi\\\/2023\\\/wp-content\\\/uploads\\\/2022\\\/12\\\/Pirula-logo.png\",\"contentUrl\":\"https:\\\/\\\/www.pirula.fi\\\/2023\\\/wp-content\\\/uploads\\\/2022\\\/12\\\/Pirula-logo.png\",\"width\":707,\"height\":1000,\"caption\":\"pirula - ylistaro\"},\"image\":{\"@id\":\"https:\\\/\\\/www.pirula.fi\\\/#\\\/schema\\\/logo\\\/image\\\/\"},\"sameAs\":[\"https:\\\/\\\/www.facebook.com\\\/pirula.fi\",\"https:\\\/\\\/www.instagram.com\\\/pirulantila\\\/\",\"https:\\\/\\\/www.tiktok.com\\\/@pirulantila\"]}]}<\/script>\n<!-- \/ Yoast SEO plugin. -->","yoast_head_json":{"title":"Meid\u00e4n tarina - pirula - ylistaro","robots":{"index":"index","follow":"follow","max-snippet":"max-snippet:-1","max-image-preview":"max-image-preview:large","max-video-preview":"max-video-preview:-1"},"canonical":"https:\/\/www.pirula.fi\/zh\/pirulan-tarina\/","og_locale":"zh_CN","og_type":"article","og_title":"Meid\u00e4n tarina - pirula - ylistaro","og_description":"meid\u00e4n tarina Rakennettiinpa 1800-luvun lopulla Ylistaron ensimm\u00e4inen viinatehdas, vastarannalle Komian kirkon ja Kyr\u00f6njoen kuohujen. Vaan tehdas ei kaikkia miellytt\u00e4nyt. Raittiusseura ilmaisi mielens\u00e4: tehdas ei joen kirkon puolelle olisi sopinutkaan. Pirulaksi he sen nimesiv\u00e4t. Vastustipa raittiusseura keinoin kovin, mutta menestyst\u00e4 eiv\u00e4t est\u00e4neet. Kymmenet tuhannet litrat juomaa valmistuivat, vaikka tehdas kerran paloikin. Syyllinen taidettiin tiet\u00e4\u00e4, vaikka sit\u00e4...","og_url":"https:\/\/www.pirula.fi\/zh\/pirulan-tarina\/","og_site_name":"pirula - ylistaro","article_publisher":"https:\/\/www.facebook.com\/pirula.fi","article_modified_time":"2024-09-24T16:06:44+00:00","og_image":[{"width":1365,"height":2048,"url":"https:\/\/www.pirula.fi\/2023\/wp-content\/uploads\/2022\/12\/Punainen_02_WEB.jpg","type":"image\/jpeg"}],"twitter_card":"summary_large_image","twitter_misc":{"\u9884\u8ba1\u9605\u8bfb\u65f6\u95f4":"2 \u5206"},"schema":{"@context":"https:\/\/schema.org","@graph":[{"@type":"WebPage","@id":"https:\/\/www.pirula.fi\/pirulan-tarina\/","url":"https:\/\/www.pirula.fi\/pirulan-tarina\/","name":"Meid\u00e4n tarina - pirula - ylistaro","isPartOf":{"@id":"https:\/\/www.pirula.fi\/#website"},"primaryImageOfPage":{"@id":"https:\/\/www.pirula.fi\/pirulan-tarina\/#primaryimage"},"image":{"@id":"https:\/\/www.pirula.fi\/pirulan-tarina\/#primaryimage"},"thumbnailUrl":"https:\/\/www.pirula.fi\/2023\/wp-content\/uploads\/2022\/12\/Punainen_02_WEB.jpg","datePublished":"2023-11-28T20:27:32+00:00","dateModified":"2024-09-24T16:06:44+00:00","breadcrumb":{"@id":"https:\/\/www.pirula.fi\/pirulan-tarina\/#breadcrumb"},"inLanguage":"zh-Hans","potentialAction":[{"@type":"ReadAction","target":["https:\/\/www.pirula.fi\/pirulan-tarina\/"]}]},{"@type":"ImageObject","inLanguage":"zh-Hans","@id":"https:\/\/www.pirula.fi\/pirulan-tarina\/#primaryimage","url":"https:\/\/www.pirula.fi\/2023\/wp-content\/uploads\/2022\/12\/Punainen_02_WEB.jpg","contentUrl":"https:\/\/www.pirula.fi\/2023\/wp-content\/uploads\/2022\/12\/Punainen_02_WEB.jpg","width":1365,"height":2048},{"@type":"BreadcrumbList","@id":"https:\/\/www.pirula.fi\/pirulan-tarina\/#breadcrumb","itemListElement":[{"@type":"ListItem","position":1,"name":"Etusivu","item":"https:\/\/www.pirula.fi\/"},{"@type":"ListItem","position":2,"name":"Meid\u00e4n tarina"}]},{"@type":"WebSite","@id":"https:\/\/www.pirula.fi\/#website","url":"https:\/\/www.pirula.fi\/","name":"pirula - ylistaro","description":"","publisher":{"@id":"https:\/\/www.pirula.fi\/#organization"},"potentialAction":[{"@type":"SearchAction","target":{"@type":"EntryPoint","urlTemplate":"https:\/\/www.pirula.fi\/?s={search_term_string}"},"query-input":{"@type":"PropertyValueSpecification","valueRequired":true,"valueName":"search_term_string"}}],"inLanguage":"zh-Hans"},{"@type":"Organization","@id":"https:\/\/www.pirula.fi\/#organization","name":"pirula - ylistaro","url":"https:\/\/www.pirula.fi\/","logo":{"@type":"ImageObject","inLanguage":"zh-Hans","@id":"https:\/\/www.pirula.fi\/#\/schema\/logo\/image\/","url":"https:\/\/www.pirula.fi\/2023\/wp-content\/uploads\/2022\/12\/Pirula-logo.png","contentUrl":"https:\/\/www.pirula.fi\/2023\/wp-content\/uploads\/2022\/12\/Pirula-logo.png","width":707,"height":1000,"caption":"pirula - ylistaro"},"image":{"@id":"https:\/\/www.pirula.fi\/#\/schema\/logo\/image\/"},"sameAs":["https:\/\/www.facebook.com\/pirula.fi","https:\/\/www.instagram.com\/pirulantila\/","https:\/\/www.tiktok.com\/@pirulantila"]}]}},"taxonomy_info":[],"featured_image_src_large":["https:\/\/www.pirula.fi\/2023\/wp-content\/uploads\/2022\/12\/Punainen_02_WEB-683x1024.jpg",683,1024,true],"author_info":{"display_name":"Pirula Oy","author_link":"https:\/\/www.pirula.fi\/zh\/author\/pirula11122022\/"},"comment_info":0,"_links":{"self":[{"href":"https:\/\/www.pirula.fi\/zh\/wp-json\/wp\/v2\/pages\/1653","targetHints":{"allow":["GET"]}}],"collection":[{"href":"https:\/\/www.pirula.fi\/zh\/wp-json\/wp\/v2\/pages"}],"about":[{"href":"https:\/\/www.pirula.fi\/zh\/wp-json\/wp\/v2\/types\/page"}],"author":[{"embeddable":true,"href":"https:\/\/www.pirula.fi\/zh\/wp-json\/wp\/v2\/users\/1"}],"replies":[{"embeddable":true,"href":"https:\/\/www.pirula.fi\/zh\/wp-json\/wp\/v2\/comments?post=1653"}],"version-history":[{"count":1,"href":"https:\/\/www.pirula.fi\/zh\/wp-json\/wp\/v2\/pages\/1653\/revisions"}],"predecessor-version":[{"id":1784,"href":"https:\/\/www.pirula.fi\/zh\/wp-json\/wp\/v2\/pages\/1653\/revisions\/1784"}],"wp:featuredmedia":[{"embeddable":true,"href":"https:\/\/www.pirula.fi\/zh\/wp-json\/wp\/v2\/media\/1289"}],"wp:attachment":[{"href":"https:\/\/www.pirula.fi\/zh\/wp-json\/wp\/v2\/media?parent=1653"}],"curies":[{"name":"wp","href":"https:\/\/api.w.org\/{rel}","templated":true}]}}